{"id":271,"date":"2020-02-18T23:55:28","date_gmt":"2020-02-18T23:55:28","guid":{"rendered":"http:\/\/www.les-cyclades-en-voilier.com\/infocroisiere\/?page_id=271"},"modified":"2021-01-01T16:32:21","modified_gmt":"2021-01-01T16:32:21","slug":"metier-skipper","status":"publish","type":"page","link":"https:\/\/www.les-cyclades-en-voilier.com\/infocroisiere\/metier-skipper\/","title":{"rendered":"M\u00e9tier skipper"},"content":{"rendered":"","protected":false},"excerpt":{"rendered":"","protected":false},"author":1,"featured_media":625,"parent":0,"menu_order":0,"comment_status":"closed","ping_status":"closed","template":"metierSkipper.php","meta":{"footnotes":""},"class_list":["post-271","page","type-page","status-publish","has-post-thumbnail","hentry"],"yoast_head":"<!-- This site is optimized with the Yoast SEO plugin v26.7 - https:\/\/yoast.com\/wordpress\/plugins\/seo\/ -->\n<title>Les Cyclades en Voilier - D\u00e9couvrez le m\u00e9tier de skipper<\/title>\n<meta name=\"description\" content=\"Que fait un skipper? Comment organise-t-il votre croisi\u00e8re pour que celle-ci soit r\u00e9ussie et demeure un souvenir inoubliable?\" \/>\n<meta name=\"robots\" content=\"index, follow, max-snippet:-1, max-image-preview:large, max-video-preview:-1\" \/>\n<link rel=\"canonical\" href=\"https:\/\/www.les-cyclades-en-voilier.com\/infocroisiere\/metier-skipper\/\" \/>\n<meta property=\"og:locale\" content=\"fr_FR\" \/>\n<meta property=\"og:type\" content=\"article\" \/>\n<meta property=\"og:title\" content=\"Les Cyclades en Voilier - D\u00e9couvrez le m\u00e9tier de skipper\" \/>\n<meta property=\"og:description\" content=\"Que fait un skipper? Comment organise-t-il votre croisi\u00e8re pour que celle-ci soit r\u00e9ussie et demeure un souvenir inoubliable?\" \/>\n<meta property=\"og:url\" content=\"https:\/\/www.les-cyclades-en-voilier.com\/infocroisiere\/metier-skipper\/\" \/>\n<meta property=\"og:site_name\" content=\"Les Cyclades en Voilier\" \/>\n<meta property=\"article:modified_time\" content=\"2021-01-01T16:32:21+00:00\" \/>\n<meta property=\"og:image\" content=\"https:\/\/www.les-cyclades-en-voilier.com\/infocroisiere\/wp-content\/uploads\/2020\/12\/skip.jpg\" \/>\n\t<meta property=\"og:image:width\" content=\"426\" \/>\n\t<meta property=\"og:image:height\" content=\"641\" \/>\n\t<meta property=\"og:image:type\" content=\"image\/jpeg\" \/>\n<meta name=\"twitter:card\" content=\"summary_large_image\" \/>\n<script type=\"application\/ld+json\" class=\"yoast-schema-graph\">{\"@context\":\"https:\/\/schema.org\",\"@graph\":[{\"@type\":\"WebPage\",\"@id\":\"https:\/\/www.les-cyclades-en-voilier.com\/infocroisiere\/metier-skipper\/\",\"url\":\"https:\/\/www.les-cyclades-en-voilier.com\/infocroisiere\/metier-skipper\/\",\"name\":\"Les Cyclades en Voilier - D\u00e9couvrez le m\u00e9tier de skipper\",\"isPartOf\":{\"@id\":\"https:\/\/www.les-cyclades-en-voilier.com\/infocroisiere\/#website\"},\"primaryImageOfPage\":{\"@id\":\"https:\/\/www.les-cyclades-en-voilier.com\/infocroisiere\/metier-skipper\/#primaryimage\"},\"image\":{\"@id\":\"https:\/\/www.les-cyclades-en-voilier.com\/infocroisiere\/metier-skipper\/#primaryimage\"},\"thumbnailUrl\":\"https:\/\/www.les-cyclades-en-voilier.com\/infocroisiere\/wp-content\/uploads\/2020\/12\/skip.jpg\",\"datePublished\":\"2020-02-18T23:55:28+00:00\",\"dateModified\":\"2021-01-01T16:32:21+00:00\",\"description\":\"Que fait un skipper? Comment organise-t-il votre croisi\u00e8re pour que celle-ci soit r\u00e9ussie et demeure un souvenir inoubliable?\",\"inLanguage\":\"fr-FR\",\"potentialAction\":[{\"@type\":\"ReadAction\",\"target\":[\"https:\/\/www.les-cyclades-en-voilier.com\/infocroisiere\/metier-skipper\/\"]}]},{\"@type\":\"ImageObject\",\"inLanguage\":\"fr-FR\",\"@id\":\"https:\/\/www.les-cyclades-en-voilier.com\/infocroisiere\/metier-skipper\/#primaryimage\",\"url\":\"https:\/\/www.les-cyclades-en-voilier.com\/infocroisiere\/wp-content\/uploads\/2020\/12\/skip.jpg\",\"contentUrl\":\"https:\/\/www.les-cyclades-en-voilier.com\/infocroisiere\/wp-content\/uploads\/2020\/12\/skip.jpg\",\"width\":426,\"height\":641},{\"@type\":\"WebSite\",\"@id\":\"https:\/\/www.les-cyclades-en-voilier.com\/infocroisiere\/#website\",\"url\":\"https:\/\/www.les-cyclades-en-voilier.com\/infocroisiere\/\",\"name\":\"Les Cyclades en Voilier\",\"description\":\"Votre croisi\u00e8re en voilier dans les Cyclades\",\"potentialAction\":[{\"@type\":\"SearchAction\",\"target\":{\"@type\":\"EntryPoint\",\"urlTemplate\":\"https:\/\/www.les-cyclades-en-voilier.com\/infocroisiere\/?s={search_term_string}\"},\"query-input\":{\"@type\":\"PropertyValueSpecification\",\"valueRequired\":true,\"valueName\":\"search_term_string\"}}],\"inLanguage\":\"fr-FR\"}]}<\/script>\n<!-- \/ Yoast SEO plugin. -->","yoast_head_json":{"title":"Les Cyclades en Voilier - D\u00e9couvrez le m\u00e9tier de skipper","description":"Que fait un skipper? Comment organise-t-il votre croisi\u00e8re pour que celle-ci soit r\u00e9ussie et demeure un souvenir inoubliable?","robots":{"index":"index","follow":"follow","max-snippet":"max-snippet:-1","max-image-preview":"max-image-preview:large","max-video-preview":"max-video-preview:-1"},"canonical":"https:\/\/www.les-cyclades-en-voilier.com\/infocroisiere\/metier-skipper\/","og_locale":"fr_FR","og_type":"article","og_title":"Les Cyclades en Voilier - D\u00e9couvrez le m\u00e9tier de skipper","og_description":"Que fait un skipper? Comment organise-t-il votre croisi\u00e8re pour que celle-ci soit r\u00e9ussie et demeure un souvenir inoubliable?","og_url":"https:\/\/www.les-cyclades-en-voilier.com\/infocroisiere\/metier-skipper\/","og_site_name":"Les Cyclades en Voilier","article_modified_time":"2021-01-01T16:32:21+00:00","og_image":[{"width":426,"height":641,"url":"https:\/\/www.les-cyclades-en-voilier.com\/infocroisiere\/wp-content\/uploads\/2020\/12\/skip.jpg","type":"image\/jpeg"}],"twitter_card":"summary_large_image","schema":{"@context":"https:\/\/schema.org","@graph":[{"@type":"WebPage","@id":"https:\/\/www.les-cyclades-en-voilier.com\/infocroisiere\/metier-skipper\/","url":"https:\/\/www.les-cyclades-en-voilier.com\/infocroisiere\/metier-skipper\/","name":"Les Cyclades en Voilier - D\u00e9couvrez le m\u00e9tier de skipper","isPartOf":{"@id":"https:\/\/www.les-cyclades-en-voilier.com\/infocroisiere\/#website"},"primaryImageOfPage":{"@id":"https:\/\/www.les-cyclades-en-voilier.com\/infocroisiere\/metier-skipper\/#primaryimage"},"image":{"@id":"https:\/\/www.les-cyclades-en-voilier.com\/infocroisiere\/metier-skipper\/#primaryimage"},"thumbnailUrl":"https:\/\/www.les-cyclades-en-voilier.com\/infocroisiere\/wp-content\/uploads\/2020\/12\/skip.jpg","datePublished":"2020-02-18T23:55:28+00:00","dateModified":"2021-01-01T16:32:21+00:00","description":"Que fait un skipper? Comment organise-t-il votre croisi\u00e8re pour que celle-ci soit r\u00e9ussie et demeure un souvenir inoubliable?","inLanguage":"fr-FR","potentialAction":[{"@type":"ReadAction","target":["https:\/\/www.les-cyclades-en-voilier.com\/infocroisiere\/metier-skipper\/"]}]},{"@type":"ImageObject","inLanguage":"fr-FR","@id":"https:\/\/www.les-cyclades-en-voilier.com\/infocroisiere\/metier-skipper\/#primaryimage","url":"https:\/\/www.les-cyclades-en-voilier.com\/infocroisiere\/wp-content\/uploads\/2020\/12\/skip.jpg","contentUrl":"https:\/\/www.les-cyclades-en-voilier.com\/infocroisiere\/wp-content\/uploads\/2020\/12\/skip.jpg","width":426,"height":641},{"@type":"WebSite","@id":"https:\/\/www.les-cyclades-en-voilier.com\/infocroisiere\/#website","url":"https:\/\/www.les-cyclades-en-voilier.com\/infocroisiere\/","name":"Les Cyclades en Voilier","description":"Votre croisi\u00e8re en voilier dans les Cyclades","potentialAction":[{"@type":"SearchAction","target":{"@type":"EntryPoint","urlTemplate":"https:\/\/www.les-cyclades-en-voilier.com\/infocroisiere\/?s={search_term_string}"},"query-input":{"@type":"PropertyValueSpecification","valueRequired":true,"valueName":"search_term_string"}}],"inLanguage":"fr-FR"}]}},"_links":{"self":[{"href":"https:\/\/www.les-cyclades-en-voilier.com\/infocroisiere\/wp-json\/wp\/v2\/pages\/271","targetHints":{"allow":["GET"]}}],"collection":[{"href":"https:\/\/www.les-cyclades-en-voilier.com\/infocroisiere\/wp-json\/wp\/v2\/pages"}],"about":[{"href":"https:\/\/www.les-cyclades-en-voilier.com\/infocroisiere\/wp-json\/wp\/v2\/types\/page"}],"author":[{"embeddable":true,"href":"https:\/\/www.les-cyclades-en-voilier.com\/infocroisiere\/wp-json\/wp\/v2\/users\/1"}],"replies":[{"embeddable":true,"href":"https:\/\/www.les-cyclades-en-voilier.com\/infocroisiere\/wp-json\/wp\/v2\/comments?post=271"}],"version-history":[{"count":1,"href":"https:\/\/www.les-cyclades-en-voilier.com\/infocroisiere\/wp-json\/wp\/v2\/pages\/271\/revisions"}],"predecessor-version":[{"id":272,"href":"https:\/\/www.les-cyclades-en-voilier.com\/infocroisiere\/wp-json\/wp\/v2\/pages\/271\/revisions\/272"}],"wp:featuredmedia":[{"embeddable":true,"href":"https:\/\/www.les-cyclades-en-voilier.com\/infocroisiere\/wp-json\/wp\/v2\/media\/625"}],"wp:attachment":[{"href":"https:\/\/www.les-cyclades-en-voilier.com\/infocroisiere\/wp-json\/wp\/v2\/media?parent=271"}],"curies":[{"name":"wp","href":"https:\/\/api.w.org\/{rel}","templated":true}]}}