{"id":590,"date":"2020-12-11T06:21:00","date_gmt":"2020-12-11T06:21:00","guid":{"rendered":"http:\/\/www.les-cyclades-en-voilier.com\/infocroisiere\/?page_id=590"},"modified":"2021-01-01T16:22:00","modified_gmt":"2021-01-01T16:22:00","slug":"le-livre-dor","status":"publish","type":"page","link":"https:\/\/www.les-cyclades-en-voilier.com\/infocroisiere\/le-livre-dor\/","title":{"rendered":"Le livre d&rsquo;Or"},"content":{"rendered":"","protected":false},"excerpt":{"rendered":"","protected":false},"author":1,"featured_media":570,"parent":0,"menu_order":0,"comment_status":"closed","ping_status":"closed","template":"pageLivre.php","meta":{"footnotes":""},"class_list":["post-590","page","type-page","status-publish","has-post-thumbnail","hentry"],"yoast_head":"<!-- This site is optimized with the Yoast SEO plugin v26.7 - https:\/\/yoast.com\/wordpress\/plugins\/seo\/ -->\n<title>Le livre d&#039;Or - Les Cyclades en Voilier<\/title>\n<meta name=\"description\" content=\"Notre livre d&#039;or: vos t\u00e9moignages de croisi\u00e8res r\u00e9ussies, de vacances heureuses, de votre d\u00e9couverte de la Gr\u00e8ce et des Cyclades.\" \/>\n<meta name=\"robots\" content=\"index, follow, max-snippet:-1, max-image-preview:large, max-video-preview:-1\" \/>\n<link rel=\"canonical\" href=\"https:\/\/www.les-cyclades-en-voilier.com\/infocroisiere\/le-livre-dor\/\" \/>\n<meta property=\"og:locale\" content=\"fr_FR\" \/>\n<meta property=\"og:type\" content=\"article\" \/>\n<meta property=\"og:title\" content=\"Le livre d&#039;Or - Les Cyclades en Voilier\" \/>\n<meta property=\"og:description\" content=\"Notre livre d&#039;or: vos t\u00e9moignages de croisi\u00e8res r\u00e9ussies, de vacances heureuses, de votre d\u00e9couverte de la Gr\u00e8ce et des Cyclades.\" \/>\n<meta property=\"og:url\" content=\"https:\/\/www.les-cyclades-en-voilier.com\/infocroisiere\/le-livre-dor\/\" \/>\n<meta property=\"og:site_name\" content=\"Les Cyclades en Voilier\" \/>\n<meta property=\"article:modified_time\" content=\"2021-01-01T16:22:00+00:00\" \/>\n<meta property=\"og:image\" content=\"https:\/\/www.les-cyclades-en-voilier.com\/infocroisiere\/wp-content\/uploads\/2020\/12\/ortho.jpg\" \/>\n\t<meta property=\"og:image:width\" content=\"640\" \/>\n\t<meta property=\"og:image:height\" content=\"480\" \/>\n\t<meta property=\"og:image:type\" content=\"image\/jpeg\" \/>\n<meta name=\"twitter:card\" content=\"summary_large_image\" \/>\n<script type=\"application\/ld+json\" class=\"yoast-schema-graph\">{\"@context\":\"https:\/\/schema.org\",\"@graph\":[{\"@type\":\"WebPage\",\"@id\":\"https:\/\/www.les-cyclades-en-voilier.com\/infocroisiere\/le-livre-dor\/\",\"url\":\"https:\/\/www.les-cyclades-en-voilier.com\/infocroisiere\/le-livre-dor\/\",\"name\":\"Le livre d'Or - Les Cyclades en Voilier\",\"isPartOf\":{\"@id\":\"https:\/\/www.les-cyclades-en-voilier.com\/infocroisiere\/#website\"},\"primaryImageOfPage\":{\"@id\":\"https:\/\/www.les-cyclades-en-voilier.com\/infocroisiere\/le-livre-dor\/#primaryimage\"},\"image\":{\"@id\":\"https:\/\/www.les-cyclades-en-voilier.com\/infocroisiere\/le-livre-dor\/#primaryimage\"},\"thumbnailUrl\":\"https:\/\/www.les-cyclades-en-voilier.com\/infocroisiere\/wp-content\/uploads\/2020\/12\/ortho.jpg\",\"datePublished\":\"2020-12-11T06:21:00+00:00\",\"dateModified\":\"2021-01-01T16:22:00+00:00\",\"description\":\"Notre livre d'or: vos t\u00e9moignages de croisi\u00e8res r\u00e9ussies, de vacances heureuses, de votre d\u00e9couverte de la Gr\u00e8ce et des Cyclades.\",\"inLanguage\":\"fr-FR\",\"potentialAction\":[{\"@type\":\"ReadAction\",\"target\":[\"https:\/\/www.les-cyclades-en-voilier.com\/infocroisiere\/le-livre-dor\/\"]}]},{\"@type\":\"ImageObject\",\"inLanguage\":\"fr-FR\",\"@id\":\"https:\/\/www.les-cyclades-en-voilier.com\/infocroisiere\/le-livre-dor\/#primaryimage\",\"url\":\"https:\/\/www.les-cyclades-en-voilier.com\/infocroisiere\/wp-content\/uploads\/2020\/12\/ortho.jpg\",\"contentUrl\":\"https:\/\/www.les-cyclades-en-voilier.com\/infocroisiere\/wp-content\/uploads\/2020\/12\/ortho.jpg\",\"width\":640,\"height\":480},{\"@type\":\"WebSite\",\"@id\":\"https:\/\/www.les-cyclades-en-voilier.com\/infocroisiere\/#website\",\"url\":\"https:\/\/www.les-cyclades-en-voilier.com\/infocroisiere\/\",\"name\":\"Les Cyclades en Voilier\",\"description\":\"Votre croisi\u00e8re en voilier dans les Cyclades\",\"potentialAction\":[{\"@type\":\"SearchAction\",\"target\":{\"@type\":\"EntryPoint\",\"urlTemplate\":\"https:\/\/www.les-cyclades-en-voilier.com\/infocroisiere\/?s={search_term_string}\"},\"query-input\":{\"@type\":\"PropertyValueSpecification\",\"valueRequired\":true,\"valueName\":\"search_term_string\"}}],\"inLanguage\":\"fr-FR\"}]}<\/script>\n<!-- \/ Yoast SEO plugin. -->","yoast_head_json":{"title":"Le livre d'Or - Les Cyclades en Voilier","description":"Notre livre d'or: vos t\u00e9moignages de croisi\u00e8res r\u00e9ussies, de vacances heureuses, de votre d\u00e9couverte de la Gr\u00e8ce et des Cyclades.","robots":{"index":"index","follow":"follow","max-snippet":"max-snippet:-1","max-image-preview":"max-image-preview:large","max-video-preview":"max-video-preview:-1"},"canonical":"https:\/\/www.les-cyclades-en-voilier.com\/infocroisiere\/le-livre-dor\/","og_locale":"fr_FR","og_type":"article","og_title":"Le livre d'Or - Les Cyclades en Voilier","og_description":"Notre livre d'or: vos t\u00e9moignages de croisi\u00e8res r\u00e9ussies, de vacances heureuses, de votre d\u00e9couverte de la Gr\u00e8ce et des Cyclades.","og_url":"https:\/\/www.les-cyclades-en-voilier.com\/infocroisiere\/le-livre-dor\/","og_site_name":"Les Cyclades en Voilier","article_modified_time":"2021-01-01T16:22:00+00:00","og_image":[{"width":640,"height":480,"url":"https:\/\/www.les-cyclades-en-voilier.com\/infocroisiere\/wp-content\/uploads\/2020\/12\/ortho.jpg","type":"image\/jpeg"}],"twitter_card":"summary_large_image","schema":{"@context":"https:\/\/schema.org","@graph":[{"@type":"WebPage","@id":"https:\/\/www.les-cyclades-en-voilier.com\/infocroisiere\/le-livre-dor\/","url":"https:\/\/www.les-cyclades-en-voilier.com\/infocroisiere\/le-livre-dor\/","name":"Le livre d'Or - Les Cyclades en Voilier","isPartOf":{"@id":"https:\/\/www.les-cyclades-en-voilier.com\/infocroisiere\/#website"},"primaryImageOfPage":{"@id":"https:\/\/www.les-cyclades-en-voilier.com\/infocroisiere\/le-livre-dor\/#primaryimage"},"image":{"@id":"https:\/\/www.les-cyclades-en-voilier.com\/infocroisiere\/le-livre-dor\/#primaryimage"},"thumbnailUrl":"https:\/\/www.les-cyclades-en-voilier.com\/infocroisiere\/wp-content\/uploads\/2020\/12\/ortho.jpg","datePublished":"2020-12-11T06:21:00+00:00","dateModified":"2021-01-01T16:22:00+00:00","description":"Notre livre d'or: vos t\u00e9moignages de croisi\u00e8res r\u00e9ussies, de vacances heureuses, de votre d\u00e9couverte de la Gr\u00e8ce et des Cyclades.","inLanguage":"fr-FR","potentialAction":[{"@type":"ReadAction","target":["https:\/\/www.les-cyclades-en-voilier.com\/infocroisiere\/le-livre-dor\/"]}]},{"@type":"ImageObject","inLanguage":"fr-FR","@id":"https:\/\/www.les-cyclades-en-voilier.com\/infocroisiere\/le-livre-dor\/#primaryimage","url":"https:\/\/www.les-cyclades-en-voilier.com\/infocroisiere\/wp-content\/uploads\/2020\/12\/ortho.jpg","contentUrl":"https:\/\/www.les-cyclades-en-voilier.com\/infocroisiere\/wp-content\/uploads\/2020\/12\/ortho.jpg","width":640,"height":480},{"@type":"WebSite","@id":"https:\/\/www.les-cyclades-en-voilier.com\/infocroisiere\/#website","url":"https:\/\/www.les-cyclades-en-voilier.com\/infocroisiere\/","name":"Les Cyclades en Voilier","description":"Votre croisi\u00e8re en voilier dans les Cyclades","potentialAction":[{"@type":"SearchAction","target":{"@type":"EntryPoint","urlTemplate":"https:\/\/www.les-cyclades-en-voilier.com\/infocroisiere\/?s={search_term_string}"},"query-input":{"@type":"PropertyValueSpecification","valueRequired":true,"valueName":"search_term_string"}}],"inLanguage":"fr-FR"}]}},"_links":{"self":[{"href":"https:\/\/www.les-cyclades-en-voilier.com\/infocroisiere\/wp-json\/wp\/v2\/pages\/590","targetHints":{"allow":["GET"]}}],"collection":[{"href":"https:\/\/www.les-cyclades-en-voilier.com\/infocroisiere\/wp-json\/wp\/v2\/pages"}],"about":[{"href":"https:\/\/www.les-cyclades-en-voilier.com\/infocroisiere\/wp-json\/wp\/v2\/types\/page"}],"author":[{"embeddable":true,"href":"https:\/\/www.les-cyclades-en-voilier.com\/infocroisiere\/wp-json\/wp\/v2\/users\/1"}],"replies":[{"embeddable":true,"href":"https:\/\/www.les-cyclades-en-voilier.com\/infocroisiere\/wp-json\/wp\/v2\/comments?post=590"}],"version-history":[{"count":1,"href":"https:\/\/www.les-cyclades-en-voilier.com\/infocroisiere\/wp-json\/wp\/v2\/pages\/590\/revisions"}],"predecessor-version":[{"id":591,"href":"https:\/\/www.les-cyclades-en-voilier.com\/infocroisiere\/wp-json\/wp\/v2\/pages\/590\/revisions\/591"}],"wp:featuredmedia":[{"embeddable":true,"href":"https:\/\/www.les-cyclades-en-voilier.com\/infocroisiere\/wp-json\/wp\/v2\/media\/570"}],"wp:attachment":[{"href":"https:\/\/www.les-cyclades-en-voilier.com\/infocroisiere\/wp-json\/wp\/v2\/media?parent=590"}],"curies":[{"name":"wp","href":"https:\/\/api.w.org\/{rel}","templated":true}]}}