{"id":599,"date":"2020-12-11T08:30:21","date_gmt":"2020-12-11T08:30:21","guid":{"rendered":"http:\/\/www.les-cyclades-en-voilier.com\/infocroisiere\/?page_id=599"},"modified":"2021-01-01T16:19:27","modified_gmt":"2021-01-01T16:19:27","slug":"id","status":"publish","type":"page","link":"https:\/\/www.les-cyclades-en-voilier.com\/infocroisiere\/id\/","title":{"rendered":"Id"},"content":{"rendered":"","protected":false},"excerpt":{"rendered":"","protected":false},"author":1,"featured_media":0,"parent":0,"menu_order":0,"comment_status":"closed","ping_status":"closed","template":"pageLivrePerYear.php","meta":{"footnotes":""},"class_list":["post-599","page","type-page","status-publish","hentry"],"yoast_head":"<!-- This site is optimized with the Yoast SEO plugin v26.7 - https:\/\/yoast.com\/wordpress\/plugins\/seo\/ -->\n<title>Les Cyclades en Voilier - T\u00e9moignage<\/title>\n<meta name=\"description\" content=\"Extrait du livre d&#039;or des Cyclades en Voilier. T\u00e9moignage de croisi\u00e8re r\u00e9ussie, de vacances heureuses et d\u00e9paysantes.\" \/>\n<meta name=\"robots\" content=\"index, follow, max-snippet:-1, max-image-preview:large, max-video-preview:-1\" \/>\n<link rel=\"canonical\" href=\"https:\/\/www.les-cyclades-en-voilier.com\/infocroisiere\/id\/\" \/>\n<meta property=\"og:locale\" content=\"fr_FR\" \/>\n<meta property=\"og:type\" content=\"article\" \/>\n<meta property=\"og:title\" content=\"Les Cyclades en Voilier - T\u00e9moignage\" \/>\n<meta property=\"og:description\" content=\"Extrait du livre d&#039;or des Cyclades en Voilier. T\u00e9moignage de croisi\u00e8re r\u00e9ussie, de vacances heureuses et d\u00e9paysantes.\" \/>\n<meta property=\"og:url\" content=\"https:\/\/www.les-cyclades-en-voilier.com\/infocroisiere\/id\/\" \/>\n<meta property=\"og:site_name\" content=\"Les Cyclades en Voilier\" \/>\n<meta property=\"article:modified_time\" content=\"2021-01-01T16:19:27+00:00\" \/>\n<meta name=\"twitter:card\" content=\"summary_large_image\" \/>\n<script type=\"application\/ld+json\" class=\"yoast-schema-graph\">{\"@context\":\"https:\/\/schema.org\",\"@graph\":[{\"@type\":\"WebPage\",\"@id\":\"https:\/\/www.les-cyclades-en-voilier.com\/infocroisiere\/id\/\",\"url\":\"https:\/\/www.les-cyclades-en-voilier.com\/infocroisiere\/id\/\",\"name\":\"Les Cyclades en Voilier - T\u00e9moignage\",\"isPartOf\":{\"@id\":\"https:\/\/www.les-cyclades-en-voilier.com\/infocroisiere\/#website\"},\"datePublished\":\"2020-12-11T08:30:21+00:00\",\"dateModified\":\"2021-01-01T16:19:27+00:00\",\"description\":\"Extrait du livre d'or des Cyclades en Voilier. T\u00e9moignage de croisi\u00e8re r\u00e9ussie, de vacances heureuses et d\u00e9paysantes.\",\"inLanguage\":\"fr-FR\",\"potentialAction\":[{\"@type\":\"ReadAction\",\"target\":[\"https:\/\/www.les-cyclades-en-voilier.com\/infocroisiere\/id\/\"]}]},{\"@type\":\"WebSite\",\"@id\":\"https:\/\/www.les-cyclades-en-voilier.com\/infocroisiere\/#website\",\"url\":\"https:\/\/www.les-cyclades-en-voilier.com\/infocroisiere\/\",\"name\":\"Les Cyclades en Voilier\",\"description\":\"Votre croisi\u00e8re en voilier dans les Cyclades\",\"potentialAction\":[{\"@type\":\"SearchAction\",\"target\":{\"@type\":\"EntryPoint\",\"urlTemplate\":\"https:\/\/www.les-cyclades-en-voilier.com\/infocroisiere\/?s={search_term_string}\"},\"query-input\":{\"@type\":\"PropertyValueSpecification\",\"valueRequired\":true,\"valueName\":\"search_term_string\"}}],\"inLanguage\":\"fr-FR\"}]}<\/script>\n<!-- \/ Yoast SEO plugin. -->","yoast_head_json":{"title":"Les Cyclades en Voilier - T\u00e9moignage","description":"Extrait du livre d'or des Cyclades en Voilier. T\u00e9moignage de croisi\u00e8re r\u00e9ussie, de vacances heureuses et d\u00e9paysantes.","robots":{"index":"index","follow":"follow","max-snippet":"max-snippet:-1","max-image-preview":"max-image-preview:large","max-video-preview":"max-video-preview:-1"},"canonical":"https:\/\/www.les-cyclades-en-voilier.com\/infocroisiere\/id\/","og_locale":"fr_FR","og_type":"article","og_title":"Les Cyclades en Voilier - T\u00e9moignage","og_description":"Extrait du livre d'or des Cyclades en Voilier. T\u00e9moignage de croisi\u00e8re r\u00e9ussie, de vacances heureuses et d\u00e9paysantes.","og_url":"https:\/\/www.les-cyclades-en-voilier.com\/infocroisiere\/id\/","og_site_name":"Les Cyclades en Voilier","article_modified_time":"2021-01-01T16:19:27+00:00","twitter_card":"summary_large_image","schema":{"@context":"https:\/\/schema.org","@graph":[{"@type":"WebPage","@id":"https:\/\/www.les-cyclades-en-voilier.com\/infocroisiere\/id\/","url":"https:\/\/www.les-cyclades-en-voilier.com\/infocroisiere\/id\/","name":"Les Cyclades en Voilier - T\u00e9moignage","isPartOf":{"@id":"https:\/\/www.les-cyclades-en-voilier.com\/infocroisiere\/#website"},"datePublished":"2020-12-11T08:30:21+00:00","dateModified":"2021-01-01T16:19:27+00:00","description":"Extrait du livre d'or des Cyclades en Voilier. T\u00e9moignage de croisi\u00e8re r\u00e9ussie, de vacances heureuses et d\u00e9paysantes.","inLanguage":"fr-FR","potentialAction":[{"@type":"ReadAction","target":["https:\/\/www.les-cyclades-en-voilier.com\/infocroisiere\/id\/"]}]},{"@type":"WebSite","@id":"https:\/\/www.les-cyclades-en-voilier.com\/infocroisiere\/#website","url":"https:\/\/www.les-cyclades-en-voilier.com\/infocroisiere\/","name":"Les Cyclades en Voilier","description":"Votre croisi\u00e8re en voilier dans les Cyclades","potentialAction":[{"@type":"SearchAction","target":{"@type":"EntryPoint","urlTemplate":"https:\/\/www.les-cyclades-en-voilier.com\/infocroisiere\/?s={search_term_string}"},"query-input":{"@type":"PropertyValueSpecification","valueRequired":true,"valueName":"search_term_string"}}],"inLanguage":"fr-FR"}]}},"_links":{"self":[{"href":"https:\/\/www.les-cyclades-en-voilier.com\/infocroisiere\/wp-json\/wp\/v2\/pages\/599","targetHints":{"allow":["GET"]}}],"collection":[{"href":"https:\/\/www.les-cyclades-en-voilier.com\/infocroisiere\/wp-json\/wp\/v2\/pages"}],"about":[{"href":"https:\/\/www.les-cyclades-en-voilier.com\/infocroisiere\/wp-json\/wp\/v2\/types\/page"}],"author":[{"embeddable":true,"href":"https:\/\/www.les-cyclades-en-voilier.com\/infocroisiere\/wp-json\/wp\/v2\/users\/1"}],"replies":[{"embeddable":true,"href":"https:\/\/www.les-cyclades-en-voilier.com\/infocroisiere\/wp-json\/wp\/v2\/comments?post=599"}],"version-history":[{"count":1,"href":"https:\/\/www.les-cyclades-en-voilier.com\/infocroisiere\/wp-json\/wp\/v2\/pages\/599\/revisions"}],"predecessor-version":[{"id":600,"href":"https:\/\/www.les-cyclades-en-voilier.com\/infocroisiere\/wp-json\/wp\/v2\/pages\/599\/revisions\/600"}],"wp:attachment":[{"href":"https:\/\/www.les-cyclades-en-voilier.com\/infocroisiere\/wp-json\/wp\/v2\/media?parent=599"}],"curies":[{"name":"wp","href":"https:\/\/api.w.org\/{rel}","templated":true}]}}